{"id":1331,"date":"2016-09-27T10:38:16","date_gmt":"2016-09-27T10:38:16","guid":{"rendered":"https:\/\/entrehuesosdecereza.com\/es\/?page_id=1331"},"modified":"2019-06-23T11:48:48","modified_gmt":"2019-06-23T09:48:48","slug":"politica-de-cookies","status":"publish","type":"page","link":"https:\/\/entrehuesosdecereza.com\/es\/politica-de-cookies\/","title":{"rendered":"POL\u00cdTICA DE COOKIES"},"content":{"rendered":"\n<div id=\"ez-toc-container\" class=\"ez-toc-v2_0_82_2 counter-hierarchy ez-toc-counter ez-toc-grey ez-toc-container-direction\">\n<p class=\"ez-toc-title\" style=\"cursor:inherit\">Contenido<\/p>\n<label for=\"ez-toc-cssicon-toggle-item-69e1a0ee1dc4d\" class=\"ez-toc-cssicon-toggle-label\"><span class=\"\"><span class=\"eztoc-hide\" style=\"display:none;\">Toggle<\/span><span class=\"ez-toc-icon-toggle-span\"><svg style=\"fill: #999;color:#999\" xmlns=\"http:\/\/www.w3.org\/2000\/svg\" class=\"list-377408\" width=\"20px\" height=\"20px\" viewBox=\"0 0 24 24\" fill=\"none\"><path d=\"M6 6H4v2h2V6zm14 0H8v2h12V6zM4 11h2v2H4v-2zm16 0H8v2h12v-2zM4 16h2v2H4v-2zm16 0H8v2h12v-2z\" fill=\"currentColor\"><\/path><\/svg><svg style=\"fill: #999;color:#999\" class=\"arrow-unsorted-368013\" xmlns=\"http:\/\/www.w3.org\/2000\/svg\" width=\"10px\" height=\"10px\" viewBox=\"0 0 24 24\" version=\"1.2\" baseProfile=\"tiny\"><path d=\"M18.2 9.3l-6.2-6.3-6.2 6.3c-.2.2-.3.4-.3.7s.1.5.3.7c.2.2.4.3.7.3h11c.3 0 .5-.1.7-.3.2-.2.3-.5.3-.7s-.1-.5-.3-.7zM5.8 14.7l6.2 6.3 6.2-6.3c.2-.2.3-.5.3-.7s-.1-.5-.3-.7c-.2-.2-.4-.3-.7-.3h-11c-.3 0-.5.1-.7.3-.2.2-.3.5-.3.7s.1.5.3.7z\"\/><\/svg><\/span><\/span><\/label><input type=\"checkbox\"  id=\"ez-toc-cssicon-toggle-item-69e1a0ee1dc4d\"  aria-label=\"Alternar\" \/><nav><ul class='ez-toc-list ez-toc-list-level-1 ' ><li class='ez-toc-page-1 ez-toc-heading-level-1'><a class=\"ez-toc-link ez-toc-heading-1\" href=\"https:\/\/entrehuesosdecereza.com\/es\/politica-de-cookies\/#Cookies\" >Cookies<\/a><ul class='ez-toc-list-level-2' ><li class='ez-toc-heading-level-2'><a class=\"ez-toc-link ez-toc-heading-2\" href=\"https:\/\/entrehuesosdecereza.com\/es\/politica-de-cookies\/#Tipos_de_cookies\" >Tipos de cookies<\/a><\/li><li class='ez-toc-page-1 ez-toc-heading-level-2'><a class=\"ez-toc-link ez-toc-heading-3\" href=\"https:\/\/entrehuesosdecereza.com\/es\/politica-de-cookies\/#Cookies_utilizadas_en_la_web\" >Cookies utilizadas en la web<\/a><\/li><li class='ez-toc-page-1 ez-toc-heading-level-2'><a class=\"ez-toc-link ez-toc-heading-4\" href=\"https:\/\/entrehuesosdecereza.com\/es\/politica-de-cookies\/#Aceptacion_de_la_Politica_de_cookies\" >Aceptaci\u00f3n de la Pol\u00edtica de cookies<\/a><\/li><li class='ez-toc-page-1 ez-toc-heading-level-2'><a class=\"ez-toc-link ez-toc-heading-5\" href=\"https:\/\/entrehuesosdecereza.com\/es\/politica-de-cookies\/#Como_modificar_la_configuracion_de_las_cookies\" >C\u00f3mo modificar la configuraci\u00f3n de las cookies<\/a><\/li><\/ul><\/li><\/ul><\/nav><\/div>\n<h1 class=\"wp-block-heading\"><span class=\"ez-toc-section\" id=\"Cookies\"><\/span>Cookies <span class=\"ez-toc-section-end\"><\/span><\/h1>\n\n\n\n<p><em><strong>entrehuesosdecereza.com<\/strong><\/em> tiene la obligaci\u00f3n por el Real Decreto-ley 13\/2012 que modifica la Ley 34\/2002, de 11 de julio, de servicios de la sociedad de la informaci\u00f3n y de comercio electr\u00f3nico, de informar y obtener el consentimiento del ciudadano acerca del uso de las cookies en sus p\u00e1ginas web.<\/p>\n\n\n\n<p>Las cookies son archivos que se pueden descargar en su equipo a trav\u00e9s de las p\u00e1ginas web. Son herramientas que tienen un papel esencial para la prestaci\u00f3n de numerosos servicios de la sociedad de la informaci\u00f3n. Entre otros, permiten a una p\u00e1gina web almacenar y recuperar informaci\u00f3n sobre los h\u00e1bitos de navegaci\u00f3n de un usuario o de su equipo y, dependiendo de la informaci\u00f3n obtenida, se pueden utilizar para reconocer al usuario y mejorar el servicio ofrecido.<\/p>\n\n\n\n<h2 class=\"row wp-block-heading\"><span class=\"ez-toc-section\" id=\"Tipos_de_cookies\"><\/span><b>Tipos de cookies<\/b><span class=\"ez-toc-section-end\"><\/span><\/h2>\n\n\n\n<p>Seg\u00fan quien sea la entidad que gestione el dominio desde donde se env\u00edan las cookies y trate los datos que se obtengan se pueden distinguir dos tipos: cookies propias y cookies de terceros.<\/p>\n\n\n\n<p>Existe tambi\u00e9n una segunda clasificaci\u00f3n seg\u00fan el plazo de tiempo que permanecen almacenadas en el navegador del cliente, pudiendo tratarse de cookies de sesi\u00f3n o cookies persistentes.<\/p>\n\n\n\n<p>Por \u00faltimo, existe otra clasificaci\u00f3n con cinco tipos de cookies seg\u00fan la finalidad para la que se traten los datos obtenidos: cookies t\u00e9cnicas, cookies de personalizaci\u00f3n, cookies de an\u00e1lisis, cookies publicitarias y cookies de publicidad comportamental .<\/p>\n\n\n\n<h2 class=\"row wp-block-heading\"><span class=\"ez-toc-section\" id=\"Cookies_utilizadas_en_la_web\"><\/span><b>Cookies utilizadas en la web<\/b><span class=\"ez-toc-section-end\"><\/span><\/h2>\n\n\n\n<p>A continuaci\u00f3n se identifican las cookies que est\u00e1n siendo utilizadas en este portal as\u00ed como su tipolog\u00eda y funci\u00f3n:<\/p>\n\n\n\n<ul class=\"wp-block-list\"><li>Google Analytics, un servicio de anal\u00edtica web desarrollada por Google, que permite la medici\u00f3n y an\u00e1lisis de la navegaci\u00f3n en las p\u00e1ginas web. En su navegador podr\u00e1 observar 4 cookies de este servicio denominadas como: __utma; __utmb; __utmc; __utmz. Seg\u00fan la tipolog\u00eda anterior se trata de cookies propias, de sesi\u00f3n y de an\u00e1lisis. Puede encontrar m\u00e1s informaci\u00f3n al respecto e inhabilitar el uso de estas cookies. A trav\u00e9s de la anal\u00edtica web no se obtiene informaci\u00f3n sobre sus datos personales garantizando la tutela de la privacidad de las personas que navegan por la web. La informaci\u00f3n que se obtiene es la relativa al n\u00famero de usuarios que acceden a la web, el n\u00famero de p\u00e1ginas vistas, la frecuencia y repetici\u00f3n de las visitas, su duraci\u00f3n, el navegador utilizado, el operador que presta el servicio, el idioma, el terminal que utiliza, o la ciudad a la que est\u00e1 asignada su direcci\u00f3n IP. Informaci\u00f3n que posibilita un mejor y m\u00e1s apropiado servicio por parte de este portal.<\/li><li>Killcookie: cookillian_opt_*, Este cookie guarda datos sobre si desea o no aceptar la politica de Cookies de esta web.<\/li><li>PHPSESSID.- Esta cookie es usada por el lenguaje de encriptado PHP para permitir que las variables de SESI\u00d3N sean guardadas en el servidor web. Esta cookies es esencial para el funcionamiento de la web.<\/li><\/ul>\n\n\n\n<h2 class=\"row wp-block-heading\"><span class=\"ez-toc-section\" id=\"Aceptacion_de_la_Politica_de_cookies\"><\/span><b>Aceptaci\u00f3n de la Pol\u00edtica de cookies<\/b><span class=\"ez-toc-section-end\"><\/span><\/h2>\n\n\n\n<p>entrehuesosdecereza.com, con el objeto de dar cumplimiento a la citada normativa, muestra informaci\u00f3n sobre su Pol\u00edtica de cookies a trav\u00e9s de una ventana emergente que bloquea la navegaci\u00f3n por su portal con cada inicio de sesi\u00f3n. Ante esta informaci\u00f3n es posible llevar a cabo las siguientes acciones<\/p>\n\n\n\n<ul class=\"wp-block-list\"><li>Aceptar cookies. No se volver\u00e1 a visualizar este aviso al acceder a cualquier p\u00e1gina del portal durante la presente sesi\u00f3n.<\/li><li>Modificar su configuraci\u00f3n. Podr\u00e1 obtener m\u00e1s informaci\u00f3n sobre qu\u00e9 son las cookies, conocer la Pol\u00edtica de cookies del Ministerio y modificar la configuraci\u00f3n de su navegaci\u00f3n. Pero esto no evitar\u00e1 que se muestre el aviso sobre cookies al acceder a nuevas p\u00e1ginas del portal.<\/li><li>Revisar la actual Pol\u00edtica de Cookies.<\/li><\/ul>\n\n\n\n<h2 class=\"row wp-block-heading\"><span class=\"ez-toc-section\" id=\"Como_modificar_la_configuracion_de_las_cookies\"><\/span><b>C\u00f3mo modificar la configuraci\u00f3n de las cookies<\/b><span class=\"ez-toc-section-end\"><\/span><\/h2>\n\n\n\n<p>Usted puede restringir, bloquear o borrar las cookies de las p\u00e1ginas web de entrehuesosdecereza.com, utilizando su navegador. La configuraci\u00f3n en cada tipo de navegador de Internet es diferente, la funci\u00f3n de \u2018Ayuda\u201d del navegador que usted est\u00e1 usando le mostrar\u00e1 c\u00f3mo hacerlo. Puede obtener m\u00e1s informaci\u00f3n en los siguientes enlaces:<\/p>\n\n\n\n<p><a href=\"https:\/\/support.mozilla.org\/es\/kb\/Borrar%20cookies\" target=\"_blank\" rel=\"noopener noreferrer\">&nbsp;FireFox<\/a><\/p>\n\n\n\n<p><a href=\"https:\/\/support.google.com\/chrome\/answer\/95647?hl=es\" target=\"_blank\" rel=\"noopener noreferrer\">Chrome<\/a><\/p>\n\n\n\n<p><a href=\"https:\/\/www.apple.com\/legal\/privacy\/es\/cookies\/\" target=\"_blank\" rel=\"noopener noreferrer\">Safari<\/a><\/p>\n\n\n\n<p><a href=\"http:\/\/windows.microsoft.com\/es-xl\/internet-explorer\/delete-manage-cookies#ie=ie-10\" target=\"_blank\" rel=\"noopener noreferrer\">&nbsp;Internet Explorer<\/a><\/p>\n\n\n\n<p><span style=\"border-radius: 2px; text-indent: 20px; width: auto; padding: 0px 4px 0px 0px; text-align: center; font: bold 11px\/20px 'Helvetica Neue',Helvetica,sans-serif; color: #ffffff; background: #bd081c no-repeat scroll 3px 50% \/ 14px 14px; position: absolute; opacity: 1; z-index: 8675309; display: none; cursor: pointer;\">Guardar<\/span><\/p>\n","protected":false},"excerpt":{"rendered":"<p>Cookies entrehuesosdecereza.com tiene la obligaci\u00f3n por el Real Decreto-ley 13\/2012 que modifica la Ley 34\/2002, de 11 de julio, de servicios de la sociedad de la informaci\u00f3n y de comercio electr\u00f3nico, de informar y obtener el consentimiento del ciudadano acerca del uso de las cookies en sus p\u00e1ginas web. Las cookies son archivos que se&#8230;<\/p>\n","protected":false},"author":1,"featured_media":0,"parent":0,"menu_order":0,"comment_status":"closed","ping_status":"closed","template":"","meta":{"footnotes":""},"class_list":["post-1331","page","type-page","status-publish","hentry"],"_links":{"self":[{"href":"https:\/\/entrehuesosdecereza.com\/es\/wp-json\/wp\/v2\/pages\/1331","targetHints":{"allow":["GET"]}}],"collection":[{"href":"https:\/\/entrehuesosdecereza.com\/es\/wp-json\/wp\/v2\/pages"}],"about":[{"href":"https:\/\/entrehuesosdecereza.com\/es\/wp-json\/wp\/v2\/types\/page"}],"author":[{"embeddable":true,"href":"https:\/\/entrehuesosdecereza.com\/es\/wp-json\/wp\/v2\/users\/1"}],"replies":[{"embeddable":true,"href":"https:\/\/entrehuesosdecereza.com\/es\/wp-json\/wp\/v2\/comments?post=1331"}],"version-history":[{"count":8,"href":"https:\/\/entrehuesosdecereza.com\/es\/wp-json\/wp\/v2\/pages\/1331\/revisions"}],"predecessor-version":[{"id":2467,"href":"https:\/\/entrehuesosdecereza.com\/es\/wp-json\/wp\/v2\/pages\/1331\/revisions\/2467"}],"wp:attachment":[{"href":"https:\/\/entrehuesosdecereza.com\/es\/wp-json\/wp\/v2\/media?parent=1331"}],"curies":[{"name":"wp","href":"https:\/\/api.w.org\/{rel}","templated":true}]}}