{"id":2790,"date":"2020-04-16T07:53:40","date_gmt":"2020-04-16T07:53:40","guid":{"rendered":"https:\/\/demos.kadencewp.com\/food\/?page_id=109"},"modified":"2026-05-05T17:28:57","modified_gmt":"2026-05-05T16:28:57","slug":"sobre-mi-2","status":"publish","type":"page","link":"https:\/\/entrehuesosdecereza.com\/es\/sobre-mi-2\/","title":{"rendered":"Sobre mi"},"content":{"rendered":"<style>.kb-row-layout-id2790_f69a01-d7 > .kt-row-column-wrap{align-content:center;}:where(.kb-row-layout-id2790_f69a01-d7 > .kt-row-column-wrap) > .wp-block-kadence-column{justify-content:center;}.kb-row-layout-id2790_f69a01-d7 > .kt-row-column-wrap{column-gap:var(--global-kb-gap-lg, 4rem);row-gap:var(--global-kb-gap-md, 2rem);padding-top:0px;padding-bottom:0px;grid-template-columns:minmax(0, calc(30% - ((var(--global-kb-gap-lg, 4rem) * 1 )\/2)))minmax(0, calc(70% - ((var(--global-kb-gap-lg, 4rem) * 1 )\/2)));}.kb-row-layout-id2790_f69a01-d7 > .kt-row-layout-overlay{opacity:0.30;}@media all and (max-width: 1024px){.kb-row-layout-id2790_f69a01-d7 > .kt-row-column-wrap{grid-template-columns:repeat(2, minmax(0, 1fr));}}@media all and (max-width: 767px){.kb-row-layout-id2790_f69a01-d7 > .kt-row-column-wrap{grid-template-columns:minmax(0, 1fr);}}<\/style><div class=\"kb-row-layout-wrap kb-row-layout-id2790_f69a01-d7 alignnone wp-block-kadence-rowlayout\"><div class=\"kt-row-column-wrap kt-has-2-columns kt-row-layout-equal kt-tab-layout-inherit kt-mobile-layout-row kt-row-valign-middle\">\n<style>.kadence-column2790_00d393-2b > .kt-inside-inner-col{min-height:114px;}.kadence-column2790_00d393-2b > .kt-inside-inner-col,.kadence-column2790_00d393-2b > .kt-inside-inner-col:before{border-top-left-radius:0px;border-top-right-radius:0px;border-bottom-right-radius:0px;border-bottom-left-radius:0px;}.kadence-column2790_00d393-2b > .kt-inside-inner-col{column-gap:var(--global-kb-gap-sm, 1rem);}.kadence-column2790_00d393-2b > .kt-inside-inner-col{flex-direction:column;}.kadence-column2790_00d393-2b > .kt-inside-inner-col > .aligncenter{width:100%;}.kadence-column2790_00d393-2b > .kt-inside-inner-col:before{opacity:0.3;}.kadence-column2790_00d393-2b{position:relative;}@media all and (max-width: 1024px){.kadence-column2790_00d393-2b > .kt-inside-inner-col{flex-direction:column;justify-content:center;}}@media all and (max-width: 767px){.kadence-column2790_00d393-2b > .kt-inside-inner-col{flex-direction:column;justify-content:center;}}<\/style>\n<div class=\"wp-block-kadence-column kadence-column2790_00d393-2b inner-column-1\"><div class=\"kt-inside-inner-col\"><div class=\"wp-block-image\">\n<figure class=\"alignright size-full is-resized\"><img loading=\"lazy\" decoding=\"async\" width=\"197\" height=\"217\" src=\"https:\/\/entrehuesosdecereza.com\/es\/wp-content\/uploads\/2026\/05\/may.png\" alt=\"\" class=\"wp-image-3100\" style=\"aspect-ratio:0.9078363999063265;width:224px;height:auto\"\/><\/figure>\n<\/div><\/div><\/div>\n\n\n<style>.kadence-column2790_5bd8b6-f6 > .kt-inside-inner-col,.kadence-column2790_5bd8b6-f6 > .kt-inside-inner-col:before{border-top-left-radius:0px;border-top-right-radius:0px;border-bottom-right-radius:0px;border-bottom-left-radius:0px;}.kadence-column2790_5bd8b6-f6 > .kt-inside-inner-col{column-gap:var(--global-kb-gap-sm, 1rem);}.kadence-column2790_5bd8b6-f6 > .kt-inside-inner-col{flex-direction:column;}.kadence-column2790_5bd8b6-f6 > .kt-inside-inner-col > .aligncenter{width:100%;}.kadence-column2790_5bd8b6-f6 > .kt-inside-inner-col:before{opacity:0.3;}.kadence-column2790_5bd8b6-f6{position:relative;}@media all and (max-width: 1024px){.kadence-column2790_5bd8b6-f6 > .kt-inside-inner-col{flex-direction:column;justify-content:center;}}@media all and (max-width: 767px){.kadence-column2790_5bd8b6-f6 > .kt-inside-inner-col{flex-direction:column;justify-content:center;}}<\/style>\n<div class=\"wp-block-kadence-column kadence-column2790_5bd8b6-f6 inner-column-2\"><div class=\"kt-inside-inner-col\">\n<h2 class=\"wp-block-heading\">\u00a1Hola! Soy May,<\/h2>\n\n\n\n<h5 class=\"wp-block-heading\">Soy la mente inquieta detr\u00e1s de Entrehuesosdecereza y la tejedora creadora de <a href=\"https:\/\/hilandonubes.com\/crochet\/\">hilandonubes<\/a>, un proyecto crochetero donde comparto mi amor por el ganchillo creativo a trav\u00e9s de tutoriales y patrones, sencillos y f\u00e1ciles de seguir paso a paso.<\/h5>\n\n\n\n<p>Vivo en Almer\u00eda y compagino mi faceta de tejedora con otros proyectos personales y profesionales. Soy desarrolladora, dedico mi tiempo laboral a desarrollar proyectos para&nbsp;<a href=\"https:\/\/indalinea.com\/\" target=\"_blank\" rel=\"noreferrer noopener\">Indalinea<\/a>.<\/p>\n<\/div><\/div>\n\n<\/div><\/div>\n\n\n<p><\/p>\n\n\n\n<p>En abril del 2011 comenc\u00e9 mi aventura bloguera publicando recetas de cocina en un blog al que puse de nombre <strong>Jugo de Lim\u00f3n<\/strong>, m\u00e1s tarde, decid\u00ed ampliar el contenido, no solo cocina, contaba mis viajes, mis visitas, manualidades que iba elaborando en mi tiempo libre, un poco de arte, etc.  A esta nueva aventura la llam\u00e9 <strong>Las Cosas de May<\/strong>. En 2013 decid\u00ed cambiar muchas cosas y dar un nuevo rumbo a mi vida, lo que hizo que dejara aparcada por unos a\u00f1os mi aventura bloguera\u2026<\/p>\n\n\n\n<p>Me encanta compartir deliciosos platos en mi cocina con la gente que quiero. Espero que pases un rato entretenido y verte de nuevo muy pronto por aqu\u00ed!!!<\/p>\n\n\n\n<p><\/p>\n","protected":false},"excerpt":{"rendered":"<p>\u00a1Hola! Soy May, Soy la mente inquieta detr\u00e1s de Entrehuesosdecereza y la tejedora creadora de hilandonubes, un proyecto crochetero donde comparto mi amor por el ganchillo creativo a trav\u00e9s de tutoriales y patrones, sencillos y f\u00e1ciles de seguir paso a paso. Vivo en Almer\u00eda y compagino mi faceta de tejedora con otros proyectos personales y&#8230;<\/p>\n","protected":false},"author":1,"featured_media":0,"parent":0,"menu_order":0,"comment_status":"closed","ping_status":"closed","template":"","meta":{"_kadence_starter_templates_imported_post":true,"_kad_post_transparent":"","_kad_post_title":"","_kad_post_layout":"","_kad_post_sidebar_id":"","_kad_post_content_style":"","_kad_post_vertical_padding":"","_kad_post_feature":"","_kad_post_feature_position":"","_kad_post_header":false,"_kad_post_footer":false,"_kad_post_classname":"","footnotes":""},"class_list":["post-2790","page","type-page","status-publish","hentry"],"_links":{"self":[{"href":"https:\/\/entrehuesosdecereza.com\/es\/wp-json\/wp\/v2\/pages\/2790","targetHints":{"allow":["GET"]}}],"collection":[{"href":"https:\/\/entrehuesosdecereza.com\/es\/wp-json\/wp\/v2\/pages"}],"about":[{"href":"https:\/\/entrehuesosdecereza.com\/es\/wp-json\/wp\/v2\/types\/page"}],"author":[{"embeddable":true,"href":"https:\/\/entrehuesosdecereza.com\/es\/wp-json\/wp\/v2\/users\/1"}],"replies":[{"embeddable":true,"href":"https:\/\/entrehuesosdecereza.com\/es\/wp-json\/wp\/v2\/comments?post=2790"}],"version-history":[{"count":5,"href":"https:\/\/entrehuesosdecereza.com\/es\/wp-json\/wp\/v2\/pages\/2790\/revisions"}],"predecessor-version":[{"id":3101,"href":"https:\/\/entrehuesosdecereza.com\/es\/wp-json\/wp\/v2\/pages\/2790\/revisions\/3101"}],"wp:attachment":[{"href":"https:\/\/entrehuesosdecereza.com\/es\/wp-json\/wp\/v2\/media?parent=2790"}],"curies":[{"name":"wp","href":"https:\/\/api.w.org\/{rel}","templated":true}]}}