{"id":56,"date":"2016-04-23T18:54:56","date_gmt":"2016-04-23T18:54:56","guid":{"rendered":"https:\/\/entrehuesosdecereza.com\/es\/?page_id=56"},"modified":"2019-06-23T11:48:00","modified_gmt":"2019-06-23T09:48:00","slug":"sobre-mi","status":"publish","type":"page","link":"https:\/\/entrehuesosdecereza.com\/es\/sobre-mi\/","title":{"rendered":"Sobre mi"},"content":{"rendered":"<p>Hola, me llamo May\u2026<\/p>\n<p style=\"text-align: justify;\">En abril del 2011 comenc\u00e9 mi aventura bloguera publicando recetas de cocina en un blog al que puse de nombre <strong>Jugo de Lim\u00f3n<\/strong>, m\u00e1s tarde, decid\u00ed ampliar el contenido, no solo cocina, contaba mis viajes, mis visitas, manualidades que iba elaborando en mi tiempo libre, un poco de arte, etc<br \/>\nA esta nueva aventura la llam\u00e9 <strong>Las Cosas de May<\/strong>\u2026<\/p>\n<p style=\"text-align: justify;\">En 2013 decid\u00ed cambiar muchas cosas y dar un nuevo rumbo a mi vida, lo que hizo que dejara aparcada por unos a\u00f1os mi aventura bloguera\u2026 De nuevo en este mundo y con la misma fuerza e ilusi\u00f3n que cuando empec\u00e9, he creado dos espacios nuevos donde plasmar todas mis experiencias viajeras, las recetas que preparo, diy, fotograf\u00edas y todas las cosas chulas que me inspiran:<\/p>\n<h2 style=\"text-align: center;\"><a href=\"http:\/\/hilandonubes.com\/blog\/\" target=\"_blank\" rel=\"noopener noreferrer\">Hilandonubes<\/a><br \/>\n<a href=\"https:\/\/entrehuesosdecereza.com\/es\" target=\"_blank\" rel=\"noopener noreferrer\">Entre huesos de cereza<\/a><\/h2>\n<p style=\"text-align: justify;\">Me considero una mente inquieta en busca de inspiraci\u00f3n constante. Disfruto mucho recorriendo el mundo y conociendo otros lugares. Aficionada a la fotograf\u00eda, me encanta compartir deliciosos platos en mi cocina con la gente que quiero.<\/p>\n<p>Pr\u00f3ximamente publicar\u00e9 una secci\u00f3n de Preguntas Frecuentes por si tienes m\u00e1s curiosidades. Deja un comentario o escr\u00edbeme un email prometo contestar:<\/p>\n<p>info@hilandonubes.com<\/p>\n<p>Espero que pases un rato entretenido y verte de nuevo muy pronto por aqu\u00ed!!!<\/p>\n","protected":false},"excerpt":{"rendered":"<p>Hola, me llamo May\u2026 En abril del 2011 comenc\u00e9 mi aventura bloguera publicando recetas de cocina en un blog al que puse de nombre Jugo de Lim\u00f3n, m\u00e1s tarde, decid\u00ed ampliar el contenido, no solo cocina, contaba mis viajes, mis visitas, manualidades que iba elaborando en mi tiempo libre, un poco de arte, etc A&#8230;<\/p>\n","protected":false},"author":1,"featured_media":0,"parent":0,"menu_order":0,"comment_status":"closed","ping_status":"closed","template":"","meta":{"footnotes":""},"class_list":["post-56","page","type-page","status-publish","hentry"],"_links":{"self":[{"href":"https:\/\/entrehuesosdecereza.com\/es\/wp-json\/wp\/v2\/pages\/56","targetHints":{"allow":["GET"]}}],"collection":[{"href":"https:\/\/entrehuesosdecereza.com\/es\/wp-json\/wp\/v2\/pages"}],"about":[{"href":"https:\/\/entrehuesosdecereza.com\/es\/wp-json\/wp\/v2\/types\/page"}],"author":[{"embeddable":true,"href":"https:\/\/entrehuesosdecereza.com\/es\/wp-json\/wp\/v2\/users\/1"}],"replies":[{"embeddable":true,"href":"https:\/\/entrehuesosdecereza.com\/es\/wp-json\/wp\/v2\/comments?post=56"}],"version-history":[{"count":4,"href":"https:\/\/entrehuesosdecereza.com\/es\/wp-json\/wp\/v2\/pages\/56\/revisions"}],"predecessor-version":[{"id":2466,"href":"https:\/\/entrehuesosdecereza.com\/es\/wp-json\/wp\/v2\/pages\/56\/revisions\/2466"}],"wp:attachment":[{"href":"https:\/\/entrehuesosdecereza.com\/es\/wp-json\/wp\/v2\/media?parent=56"}],"curies":[{"name":"wp","href":"https:\/\/api.w.org\/{rel}","templated":true}]}}